{"id":2277,"date":"2018-09-28T20:46:58","date_gmt":"2018-09-28T18:46:58","guid":{"rendered":"https:\/\/www.canguillo.de\/contacto-como-encontrarnos\/"},"modified":"2023-07-11T20:50:32","modified_gmt":"2023-07-11T18:50:32","slug":"contacto-como-encontrarnos","status":"publish","type":"page","link":"https:\/\/www.canguillo.de\/es\/contacto-como-encontrarnos\/","title":{"rendered":"Contacto &#038; como encontrarnos"},"content":{"rendered":"<div class=\"wpb-content-wrapper\"><p>[vc_row][vc_column width=\u00bb1\/2&#8243; css=\u00bb.vc_custom_1467214267244{padding-top: 10px !important;padding-bottom: 10px !important;}\u00bb] <h2 style=\"color:;padding:px;text-align:;font-size:25px;line-height:25px;letter-spacing: px;font-weight:normal\" class=\"   nd_options_first_font \">Contacte con nosotros<\/h2> <div style=\"background-color:;height: 20px\" class=\"nicdark_section  \"><\/div>[vc_column_text]<span id=\"result_box\" class=\"\" lang=\"es\">Si necesita m\u00e1s informaci\u00f3n, por favor env\u00edenos un mensaje a trav\u00e9s del siguiente formulario de contacto. Enviando este formulario, usted confirma que ha leido y que acepta nuestra pol\u00edtica de privacidad y los t\u00e9rminos y condiciones, cuales pueden encontrar en nuestra web. <span class=\"\">\u00a1Muchas gracias y hasta pronto!<\/span><\/span>[\/vc_column_text]<div style=\"background-color:;height: 5px\" class=\"nicdark_section  \"><\/div>\n<div class=\"wpcf7 no-js\" id=\"wpcf7-f1565-o1\" lang=\"en-US\" dir=\"ltr\" data-wpcf7-id=\"1565\">\n<div class=\"screen-reader-response\"><p role=\"status\" aria-live=\"polite\" aria-atomic=\"true\"><\/p> <ul><\/ul><\/div>\n<form action=\"\/es\/wp-json\/wp\/v2\/pages\/2277#wpcf7-f1565-o1\" method=\"post\" class=\"wpcf7-form init\" aria-label=\"Contact form\" novalidate=\"novalidate\" data-status=\"init\">\n<fieldset class=\"hidden-fields-container\"><input type=\"hidden\" name=\"_wpcf7\" value=\"1565\" \/><input type=\"hidden\" name=\"_wpcf7_version\" value=\"6.1.5\" \/><input type=\"hidden\" name=\"_wpcf7_locale\" value=\"en_US\" \/><input type=\"hidden\" name=\"_wpcf7_unit_tag\" value=\"wpcf7-f1565-o1\" \/><input type=\"hidden\" name=\"_wpcf7_container_post\" value=\"0\" \/><input type=\"hidden\" name=\"_wpcf7_posted_data_hash\" value=\"\" \/><input type=\"hidden\" name=\"_wpcf7_recaptcha_response\" value=\"\" \/>\n<\/fieldset>\n<div class=\"form-style-3\">\n\t<div class=\"columns_wrap\">\n\t\t<div class=\"column-1_2\">\n\t\t\t<p><span class=\"style-line icon-name\"><span class=\"wpcf7-form-control-wrap\" data-name=\"your-name\"><input size=\"40\" maxlength=\"400\" class=\"wpcf7-form-control wpcf7-text wpcf7-validates-as-required\" aria-required=\"true\" aria-invalid=\"false\" placeholder=\"Nombre\" value=\"\" type=\"text\" name=\"your-name\" \/><\/span><\/span>\n\t\t\t<\/p>\n\t\t<\/div>\n\t\t<div class=\"column-1_2\">\n\t\t\t<p><span class=\"style-line icon-email\"><span class=\"wpcf7-form-control-wrap\" data-name=\"your-email\"><input size=\"40\" maxlength=\"400\" class=\"wpcf7-form-control wpcf7-email wpcf7-validates-as-required wpcf7-text wpcf7-validates-as-email\" aria-required=\"true\" aria-invalid=\"false\" placeholder=\"Correo electr\u00f3nico\" value=\"\" type=\"email\" name=\"your-email\" \/><\/span><\/span>\n\t\t\t<\/p>\n\t\t<\/div>\n\t<\/div>\n\t<div class=\"columns_wrap\">\n\t\t<div class=\"column-1_2\">\n\t\t\t<p><span class=\"style-line icon-phone\"><span class=\"wpcf7-form-control-wrap\" data-name=\"phone\"><input size=\"40\" maxlength=\"400\" class=\"wpcf7-form-control wpcf7-tel wpcf7-validates-as-required wpcf7-text wpcf7-validates-as-tel\" aria-required=\"true\" aria-invalid=\"false\" placeholder=\"Tel\u00e9fono\" value=\"\" type=\"tel\" name=\"phone\" \/><\/span><\/span>\n\t\t\t<\/p>\n\t\t<\/div>\n\t\t<div class=\"column-1_2\">\n\t\t\t<p><span class=\"style-line icon-subject\"><span class=\"wpcf7-form-control-wrap\" data-name=\"subject\"><input size=\"40\" maxlength=\"400\" class=\"wpcf7-form-control wpcf7-text wpcf7-validates-as-required\" aria-required=\"true\" aria-invalid=\"false\" placeholder=\"Asunto\" value=\"\" type=\"text\" name=\"subject\" \/><\/span><\/span>\n\t\t\t<\/p>\n\t\t<\/div>\n\t<\/div>\n\t<div class=\"columns_wrap margin-bottom\">\n\t\t<div class=\"column-1_1\">\n\t\t\t<p><span class=\"style-line icon-textarea\"><span class=\"wpcf7-form-control-wrap\" data-name=\"your-message\"><textarea cols=\"40\" rows=\"10\" maxlength=\"2000\" class=\"wpcf7-form-control wpcf7-textarea wpcf7-validates-as-required\" aria-required=\"true\" aria-invalid=\"false\" placeholder=\"\u00bfC\u00f3mo le podemos ayudar?\" name=\"your-message\"><\/textarea><\/span><\/span>\n\t\t\t<\/p>\n\t\t<\/div>\n\t<\/div>\n\t<p><span class=\"wpcf7-form-control-wrap\" data-name=\"acceptance\"><span class=\"wpcf7-form-control wpcf7-acceptance\"><span class=\"wpcf7-list-item\"><label><input type=\"checkbox\" name=\"acceptance\" value=\"1\" aria-invalid=\"false\" \/><span class=\"wpcf7-list-item-label\">Mediante el env\u00edo de tus datos personales confirma que ha le\u00eddo y acepta nuestra <a href=\"\/politica-privacidad\/\">pol\u00edtica de privacidad<\/a>.<\/span><\/label><\/span><\/span><\/span><br \/>\n&nbsp;<br \/>\n<input class=\"wpcf7-form-control wpcf7-submit has-spinner\" type=\"submit\" value=\"Enviar\" \/>\n\t<\/p>\n<\/div><p style=\"display: none !important;\" class=\"akismet-fields-container\" data-prefix=\"_wpcf7_ak_\"><label>&#916;<textarea name=\"_wpcf7_ak_hp_textarea\" cols=\"45\" rows=\"8\" maxlength=\"100\"><\/textarea><\/label><input type=\"hidden\" id=\"ak_js_1\" name=\"_wpcf7_ak_js\" value=\"249\"\/><script>document.getElementById( \"ak_js_1\" ).setAttribute( \"value\", ( new Date() ).getTime() );<\/script><\/p><div class=\"wpcf7-response-output\" aria-hidden=\"true\"><\/div>\n<\/form>\n<\/div>\n<div style=\"background-color:;height: 40px\" class=\"nicdark_section  \"><\/div>[\/vc_column][vc_column width=\u00bb1\/2&#8243; css=\u00bb.vc_custom_1467214272039{padding-top: 10px !important;padding-bottom: 10px !important;}\u00bb][vc_gmaps link=\u00bb#E-8_JTNDaWZyYW1lJTIwc3JjJTNEJTIyaHR0cHMlM0ElMkYlMkZ3d3cuZ29vZ2xlLmNvbSUyRm1hcHMlMkZlbWJlZCUzRnBiJTNEJTIxMW0xOCUyMTFtMTIlMjExbTMlMjExZDQ5MDA1LjY4MzA0NTU4ODA2JTIxMmQyLjk4MTk1ODc3NTA1OTMxOTUlMjEzZDM5Ljg1NTA3ODEzNTAxMDc1JTIxMm0zJTIxMWYwJTIxMmYwJTIxM2YwJTIxM20yJTIxMWkxMDI0JTIxMmk3NjglMjE0ZjEzLjElMjEzbTMlMjExbTIlMjExczB4MTI5N2Q0MDBkMGMyNjI4NyUyNTNBMHhjNWIxMmQ1MmMzODM4NDk1JTIxMnNDYW4lMkJHdWlsbG8lMjE1ZTAlMjEzbTIlMjExc2VzJTIxMnNlcyUyMTR2MTUzNTQ5MTYxOTgyNCUyMiUyMHdpZHRoJTNEJTIyNjAwJTIyJTIwaGVpZ2h0JTNEJTIyNDUwJTIyJTIwZnJhbWVib3JkZXIlM0QlMjIwJTIyJTIwc3R5bGUlM0QlMjJib3JkZXIlM0EwJTIyJTIwYWxsb3dmdWxsc2NyZWVuJTNFJTNDJTJGaWZyYW1lJTNF\u00bb size=\u00bb\u00bb]<div style=\"background-color:;height: 25px\" class=\"nicdark_section  \"><\/div>[vc_row_inner][vc_column_inner width=\u00bb1\/2&#8243;]\n\n\n  <div class=\"nd_options_section  nd_options_display_table \">\n    <div class=\"nd_options_display_table_cell nd_options_vertical_align_middle nd_options_width_50_percentage nd_options_text_align_left nd_options_padding_10 nd_options_box_sizing_border_box\">\n      <p class=\" nd_options_second_font nd_options_margin_0 nd_options_padding_0\" style=\"color:#1c1c1c\">Direcci\u00f3n:<\/p>\n    <\/div>\n    <div class=\"nd_options_display_table_cell nd_options_vertical_align_middle nd_options_width_50_percentage nd_options_text_align_right nd_options_padding_10 nd_options_box_sizing_border_box\">\n      <p class=\" nd_options_second_font nd_options_margin_0 nd_options_padding_0\" style=\"color:#878787\">Crta Pollen\u00e7a-Palma KM 47,2<\/p>\n    <\/div>\n  <\/div>\n\n\n   <div style=\"background-color:#f1f1f1;height: 1px\" class=\"nicdark_section  \"><\/div>\n\n\n  <div class=\"nd_options_section  nd_options_display_table \">\n    <div class=\"nd_options_display_table_cell nd_options_vertical_align_middle nd_options_width_50_percentage nd_options_text_align_left nd_options_padding_10 nd_options_box_sizing_border_box\">\n      <p class=\" nd_options_second_font nd_options_margin_0 nd_options_padding_0\" style=\"color:#1c1c1c\">Lugar:<\/p>\n    <\/div>\n    <div class=\"nd_options_display_table_cell nd_options_vertical_align_middle nd_options_width_50_percentage nd_options_text_align_right nd_options_padding_10 nd_options_box_sizing_border_box\">\n      <p class=\" nd_options_second_font nd_options_margin_0 nd_options_padding_0\" style=\"color:#878787\">07460 Pollen\u00e7a (Mallorca)<\/p>\n    <\/div>\n  <\/div>\n\n\n   <div style=\"background-color:#f1f1f1;height: 1px\" class=\"nicdark_section  \"><\/div>\n\n\n  <div class=\"nd_options_section  nd_options_display_table \">\n    <div class=\"nd_options_display_table_cell nd_options_vertical_align_middle nd_options_width_50_percentage nd_options_text_align_left nd_options_padding_10 nd_options_box_sizing_border_box\">\n      <p class=\" nd_options_second_font nd_options_margin_0 nd_options_padding_0\" style=\"color:#1c1c1c\">Check-In:<\/p>\n    <\/div>\n    <div class=\"nd_options_display_table_cell nd_options_vertical_align_middle nd_options_width_50_percentage nd_options_text_align_right nd_options_padding_10 nd_options_box_sizing_border_box\">\n      <p class=\" nd_options_second_font nd_options_margin_0 nd_options_padding_0\" style=\"color:#878787\">15:00 H<\/p>\n    <\/div>\n  <\/div>\n\n\n   [\/vc_column_inner][vc_column_inner width=\u00bb1\/2&#8243;]\n\n\n  <div class=\"nd_options_section  nd_options_display_table \">\n    <div class=\"nd_options_display_table_cell nd_options_vertical_align_middle nd_options_width_50_percentage nd_options_text_align_left nd_options_padding_10 nd_options_box_sizing_border_box\">\n      <p class=\" nd_options_second_font nd_options_margin_0 nd_options_padding_0\" style=\"color:#1c1c1c\">Correo:<\/p>\n    <\/div>\n    <div class=\"nd_options_display_table_cell nd_options_vertical_align_middle nd_options_width_50_percentage nd_options_text_align_right nd_options_padding_10 nd_options_box_sizing_border_box\">\n      <p class=\" nd_options_second_font nd_options_margin_0 nd_options_padding_0\" style=\"color:#878787\">canguillomallorca@gmail.com<\/p>\n    <\/div>\n  <\/div>\n\n\n   <div style=\"background-color:#f1f1f1;height: 1px\" class=\"nicdark_section  \"><\/div>\n\n\n  <div class=\"nd_options_section  nd_options_display_table \">\n    <div class=\"nd_options_display_table_cell nd_options_vertical_align_middle nd_options_width_50_percentage nd_options_text_align_left nd_options_padding_10 nd_options_box_sizing_border_box\">\n      <p class=\" nd_options_second_font nd_options_margin_0 nd_options_padding_0\" style=\"color:#1c1c1c\">Tel\u00e9fono:<\/p>\n    <\/div>\n    <div class=\"nd_options_display_table_cell nd_options_vertical_align_middle nd_options_width_50_percentage nd_options_text_align_right nd_options_padding_10 nd_options_box_sizing_border_box\">\n      <p class=\" nd_options_second_font nd_options_margin_0 nd_options_padding_0\" style=\"color:#878787\">(Espa\u00f1a 0034) 626 67 17 90<\/p>\n    <\/div>\n  <\/div>\n\n\n   <div style=\"background-color:#f1f1f1;height: 1px\" class=\"nicdark_section  \"><\/div>\n\n\n  <div class=\"nd_options_section  nd_options_display_table \">\n    <div class=\"nd_options_display_table_cell nd_options_vertical_align_middle nd_options_width_50_percentage nd_options_text_align_left nd_options_padding_10 nd_options_box_sizing_border_box\">\n      <p class=\" nd_options_second_font nd_options_margin_0 nd_options_padding_0\" style=\"color:#1c1c1c\">Check-Out:<\/p>\n    <\/div>\n    <div class=\"nd_options_display_table_cell nd_options_vertical_align_middle nd_options_width_50_percentage nd_options_text_align_right nd_options_padding_10 nd_options_box_sizing_border_box\">\n      <p class=\" nd_options_second_font nd_options_margin_0 nd_options_padding_0\" style=\"color:#878787\">12:00 H<\/p>\n    <\/div>\n  <\/div>\n\n\n   [\/vc_column_inner][\/vc_row_inner]<div style=\"background-color:;height: 35px\" class=\"nicdark_section  \"><\/div> <h4 style=\"color:#878787;padding:px;text-align:;font-size:12px;line-height:12px;letter-spacing: 2px;font-weight:lighter\" class=\"   nd_options_second_font \">URGENCIAS + WHATSAPP<\/h4> <div style=\"background-color:;height: 10px\" class=\"nicdark_section  \"><\/div>\n    <div class=\"nd_options_section nd_options_line_height_0  nd_options_text_align_left \">\n        <span style=\"height:1px;width:30px;background-color:#878787\" class=\"nd_options_display_inline_block\"><\/span>\n    <\/div>\n   <div style=\"background-color:;height: 10px\" class=\"nicdark_section  \"><\/div> <h4 style=\"color:#1c1c1c;padding:px;text-align:;font-size:30px;line-height:30px;letter-spacing: px;font-weight:normal\" class=\"   nd_options_first_font \">(+34) 626 67 17 90<\/h4> [\/vc_column][\/vc_row]<\/p>\n<\/div>","protected":false},"excerpt":{"rendered":"<p>[vc_row][vc_column width=\u00bb1\/2&#8243; css=\u00bb.vc_custom_1467214267244{padding-top: 10px !important;padding-bottom: 10px !important;}\u00bb][vc_column_text]Si necesita m\u00e1s informaci\u00f3n, por favor env\u00edenos un mensaje a trav\u00e9s del siguiente formulario de contacto. Enviando este formulario, usted confirma que ha leido y que acepta nuestra pol\u00edtica de privacidad y los t\u00e9rminos y condiciones, cuales pueden encontrar en nuestra web. \u00a1Muchas gracias y hasta pronto![\/vc_column_text][\/vc_column][vc_column width=\u00bb1\/2&#8243; css=\u00bb.vc_custom_1467214272039{padding-top: [&hellip;]<\/p>\n","protected":false},"author":1,"featured_media":0,"parent":0,"menu_order":0,"comment_status":"closed","ping_status":"closed","template":"","meta":{"footnotes":""},"class_list":["post-2277","page","type-page","status-publish","hentry"],"yoast_head":"<!-- This site is optimized with the Yoast SEO plugin v27.2 - https:\/\/yoast.com\/product\/yoast-seo-wordpress\/ -->\n<title>Contacto &amp; como encontrarnos - Finca-Hotel Can Guillo Mallorca<\/title>\n<meta name=\"description\" content=\"Contacto &amp; como encontrarnos. Agroturismo Can Guillo, Finca Hotel rural Mallorca, Finca ecol\u00f3gica, Hotel ecol\u00f3gico con encanto.\" \/>\n<meta name=\"robots\" content=\"index, follow, max-snippet:-1, max-image-preview:large, max-video-preview:-1\" \/>\n<link rel=\"canonical\" href=\"https:\/\/www.canguillo.de\/es\/contacto-como-encontrarnos\/\" \/>\n<meta property=\"og:locale\" content=\"es_ES\" \/>\n<meta property=\"og:type\" content=\"article\" \/>\n<meta property=\"og:title\" content=\"Contacto &amp; como encontrarnos - Finca-Hotel Can Guillo Mallorca\" \/>\n<meta property=\"og:description\" content=\"Contacto &amp; como encontrarnos. Agroturismo Can Guillo, Finca Hotel rural Mallorca, Finca ecol\u00f3gica, Hotel ecol\u00f3gico con encanto.\" \/>\n<meta property=\"og:url\" content=\"https:\/\/www.canguillo.de\/es\/contacto-como-encontrarnos\/\" \/>\n<meta property=\"og:site_name\" content=\"Finca-Hotel Can Guillo Mallorca\" \/>\n<meta property=\"article:publisher\" content=\"https:\/\/www.facebook.com\/canguillomallorca\" \/>\n<meta property=\"article:modified_time\" content=\"2023-07-11T18:50:32+00:00\" \/>\n<meta name=\"twitter:card\" content=\"summary_large_image\" \/>\n<meta name=\"twitter:label1\" content=\"Tiempo de lectura\" \/>\n\t<meta name=\"twitter:data1\" content=\"2 minutos\" \/>\n<script type=\"application\/ld+json\" class=\"yoast-schema-graph\">{\"@context\":\"https:\/\/schema.org\",\"@graph\":[{\"@type\":\"WebPage\",\"@id\":\"https:\/\/www.canguillo.de\/es\/contacto-como-encontrarnos\/\",\"url\":\"https:\/\/www.canguillo.de\/es\/contacto-como-encontrarnos\/\",\"name\":\"Contacto & como encontrarnos - Finca-Hotel Can Guillo Mallorca\",\"isPartOf\":{\"@id\":\"https:\/\/www.canguillo.de\/es\/#website\"},\"datePublished\":\"2018-09-28T18:46:58+00:00\",\"dateModified\":\"2023-07-11T18:50:32+00:00\",\"description\":\"Contacto & como encontrarnos. Agroturismo Can Guillo, Finca Hotel rural Mallorca, Finca ecol\u00f3gica, Hotel ecol\u00f3gico con encanto.\",\"breadcrumb\":{\"@id\":\"https:\/\/www.canguillo.de\/es\/contacto-como-encontrarnos\/#breadcrumb\"},\"inLanguage\":\"es\",\"potentialAction\":[{\"@type\":\"ReadAction\",\"target\":[\"https:\/\/www.canguillo.de\/es\/contacto-como-encontrarnos\/\"]}]},{\"@type\":\"BreadcrumbList\",\"@id\":\"https:\/\/www.canguillo.de\/es\/contacto-como-encontrarnos\/#breadcrumb\",\"itemListElement\":[{\"@type\":\"ListItem\",\"position\":1,\"name\":\"Portada\",\"item\":\"https:\/\/www.canguillo.de\/es\/\"},{\"@type\":\"ListItem\",\"position\":2,\"name\":\"Contacto &#038; como encontrarnos\"}]},{\"@type\":\"WebSite\",\"@id\":\"https:\/\/www.canguillo.de\/es\/#website\",\"url\":\"https:\/\/www.canguillo.de\/es\/\",\"name\":\"Finca-Hotel Can Guillo Mallorca\",\"description\":\"Landhotel Mallorca \u00b7 Country Hotel \u00b7 Agroturismo Pollenca\",\"publisher\":{\"@id\":\"https:\/\/www.canguillo.de\/es\/#organization\"},\"potentialAction\":[{\"@type\":\"SearchAction\",\"target\":{\"@type\":\"EntryPoint\",\"urlTemplate\":\"https:\/\/www.canguillo.de\/es\/?s={search_term_string}\"},\"query-input\":{\"@type\":\"PropertyValueSpecification\",\"valueRequired\":true,\"valueName\":\"search_term_string\"}}],\"inLanguage\":\"es\"},{\"@type\":\"Organization\",\"@id\":\"https:\/\/www.canguillo.de\/es\/#organization\",\"name\":\"Can Guillo S.L.\",\"url\":\"https:\/\/www.canguillo.de\/es\/\",\"logo\":{\"@type\":\"ImageObject\",\"inLanguage\":\"es\",\"@id\":\"https:\/\/www.canguillo.de\/es\/#\/schema\/logo\/image\/\",\"url\":\"https:\/\/www.canguillo.de\/wp-content\/uploads\/2018\/09\/finca-can-guillo-mallorca-00.jpg\",\"contentUrl\":\"https:\/\/www.canguillo.de\/wp-content\/uploads\/2018\/09\/finca-can-guillo-mallorca-00.jpg\",\"width\":533,\"height\":531,\"caption\":\"Can Guillo S.L.\"},\"image\":{\"@id\":\"https:\/\/www.canguillo.de\/es\/#\/schema\/logo\/image\/\"},\"sameAs\":[\"https:\/\/www.facebook.com\/canguillomallorca\",\"https:\/\/www.instagram.com\/canguillo\",\"https:\/\/www.youtube.com\/user\/canguillomallorca\"]}]}<\/script>\n<!-- \/ Yoast SEO plugin. -->","yoast_head_json":{"title":"Contacto & como encontrarnos - Finca-Hotel Can Guillo Mallorca","description":"Contacto & como encontrarnos. Agroturismo Can Guillo, Finca Hotel rural Mallorca, Finca ecol\u00f3gica, Hotel ecol\u00f3gico con encanto.","robots":{"index":"index","follow":"follow","max-snippet":"max-snippet:-1","max-image-preview":"max-image-preview:large","max-video-preview":"max-video-preview:-1"},"canonical":"https:\/\/www.canguillo.de\/es\/contacto-como-encontrarnos\/","og_locale":"es_ES","og_type":"article","og_title":"Contacto & como encontrarnos - Finca-Hotel Can Guillo Mallorca","og_description":"Contacto & como encontrarnos. Agroturismo Can Guillo, Finca Hotel rural Mallorca, Finca ecol\u00f3gica, Hotel ecol\u00f3gico con encanto.","og_url":"https:\/\/www.canguillo.de\/es\/contacto-como-encontrarnos\/","og_site_name":"Finca-Hotel Can Guillo Mallorca","article_publisher":"https:\/\/www.facebook.com\/canguillomallorca","article_modified_time":"2023-07-11T18:50:32+00:00","twitter_card":"summary_large_image","twitter_misc":{"Tiempo de lectura":"2 minutos"},"schema":{"@context":"https:\/\/schema.org","@graph":[{"@type":"WebPage","@id":"https:\/\/www.canguillo.de\/es\/contacto-como-encontrarnos\/","url":"https:\/\/www.canguillo.de\/es\/contacto-como-encontrarnos\/","name":"Contacto & como encontrarnos - Finca-Hotel Can Guillo Mallorca","isPartOf":{"@id":"https:\/\/www.canguillo.de\/es\/#website"},"datePublished":"2018-09-28T18:46:58+00:00","dateModified":"2023-07-11T18:50:32+00:00","description":"Contacto & como encontrarnos. Agroturismo Can Guillo, Finca Hotel rural Mallorca, Finca ecol\u00f3gica, Hotel ecol\u00f3gico con encanto.","breadcrumb":{"@id":"https:\/\/www.canguillo.de\/es\/contacto-como-encontrarnos\/#breadcrumb"},"inLanguage":"es","potentialAction":[{"@type":"ReadAction","target":["https:\/\/www.canguillo.de\/es\/contacto-como-encontrarnos\/"]}]},{"@type":"BreadcrumbList","@id":"https:\/\/www.canguillo.de\/es\/contacto-como-encontrarnos\/#breadcrumb","itemListElement":[{"@type":"ListItem","position":1,"name":"Portada","item":"https:\/\/www.canguillo.de\/es\/"},{"@type":"ListItem","position":2,"name":"Contacto &#038; como encontrarnos"}]},{"@type":"WebSite","@id":"https:\/\/www.canguillo.de\/es\/#website","url":"https:\/\/www.canguillo.de\/es\/","name":"Finca-Hotel Can Guillo Mallorca","description":"Landhotel Mallorca \u00b7 Country Hotel \u00b7 Agroturismo Pollenca","publisher":{"@id":"https:\/\/www.canguillo.de\/es\/#organization"},"potentialAction":[{"@type":"SearchAction","target":{"@type":"EntryPoint","urlTemplate":"https:\/\/www.canguillo.de\/es\/?s={search_term_string}"},"query-input":{"@type":"PropertyValueSpecification","valueRequired":true,"valueName":"search_term_string"}}],"inLanguage":"es"},{"@type":"Organization","@id":"https:\/\/www.canguillo.de\/es\/#organization","name":"Can Guillo S.L.","url":"https:\/\/www.canguillo.de\/es\/","logo":{"@type":"ImageObject","inLanguage":"es","@id":"https:\/\/www.canguillo.de\/es\/#\/schema\/logo\/image\/","url":"https:\/\/www.canguillo.de\/wp-content\/uploads\/2018\/09\/finca-can-guillo-mallorca-00.jpg","contentUrl":"https:\/\/www.canguillo.de\/wp-content\/uploads\/2018\/09\/finca-can-guillo-mallorca-00.jpg","width":533,"height":531,"caption":"Can Guillo S.L."},"image":{"@id":"https:\/\/www.canguillo.de\/es\/#\/schema\/logo\/image\/"},"sameAs":["https:\/\/www.facebook.com\/canguillomallorca","https:\/\/www.instagram.com\/canguillo","https:\/\/www.youtube.com\/user\/canguillomallorca"]}]}},"_links":{"self":[{"href":"https:\/\/www.canguillo.de\/es\/wp-json\/wp\/v2\/pages\/2277","targetHints":{"allow":["GET"]}}],"collection":[{"href":"https:\/\/www.canguillo.de\/es\/wp-json\/wp\/v2\/pages"}],"about":[{"href":"https:\/\/www.canguillo.de\/es\/wp-json\/wp\/v2\/types\/page"}],"author":[{"embeddable":true,"href":"https:\/\/www.canguillo.de\/es\/wp-json\/wp\/v2\/users\/1"}],"replies":[{"embeddable":true,"href":"https:\/\/www.canguillo.de\/es\/wp-json\/wp\/v2\/comments?post=2277"}],"version-history":[{"count":11,"href":"https:\/\/www.canguillo.de\/es\/wp-json\/wp\/v2\/pages\/2277\/revisions"}],"predecessor-version":[{"id":4369,"href":"https:\/\/www.canguillo.de\/es\/wp-json\/wp\/v2\/pages\/2277\/revisions\/4369"}],"wp:attachment":[{"href":"https:\/\/www.canguillo.de\/es\/wp-json\/wp\/v2\/media?parent=2277"}],"curies":[{"name":"wp","href":"https:\/\/api.w.org\/{rel}","templated":true}]}}