{"id":2247,"date":"2018-09-28T20:36:17","date_gmt":"2018-09-28T18:36:17","guid":{"rendered":"https:\/\/www.canguillo.de\/galeria-de-fotos\/"},"modified":"2025-07-14T22:22:15","modified_gmt":"2025-07-14T20:22:15","slug":"galeria-de-fotos","status":"publish","type":"page","link":"https:\/\/www.canguillo.de\/es\/galeria-de-fotos\/","title":{"rendered":"Galer\u00eda de Fotos"},"content":{"rendered":"<div class=\"wpb-content-wrapper\"><p>[vc_row css=\u00bb.vc_custom_1664560905521{margin-top: 50px !important;margin-bottom: 30px !important;}\u00bb][vc_column width=\u00bb1\/4&#8243;][vc_single_image image=\u00bb3746&#8243; img_size=\u00bbfull\u00bb]<div style=\"background-color:;height: 5px\" class=\"nicdark_section  \"><\/div>[vc_single_image image=\u00bb3646&#8243; img_size=\u00bbfull\u00bb]<div style=\"background-color:;height: 5px\" class=\"nicdark_section  \"><\/div>[vc_single_image image=\u00bb3427&#8243; img_size=\u00bbfull\u00bb]<div style=\"background-color:;height: 5px\" class=\"nicdark_section  \"><\/div>[vc_single_image image=\u00bb4607&#8243; img_size=\u00bbfull\u00bb css=\u00bb\u00bb]<div style=\"background-color:;height: 5px\" class=\"nicdark_section  \"><\/div>[vc_single_image image=\u00bb3360&#8243; img_size=\u00bbfull\u00bb]<div style=\"background-color:;height: 5px\" class=\"nicdark_section  \"><\/div>[vc_single_image image=\u00bb3411&#8243; img_size=\u00bbfull\u00bb]<div style=\"background-color:;height: 5px\" class=\"nicdark_section  \"><\/div>[vc_single_image image=\u00bb3363&#8243; img_size=\u00bbfull\u00bb]<div style=\"background-color:;height: 5px\" class=\"nicdark_section  \"><\/div>[vc_single_image image=\u00bb3357&#8243; img_size=\u00bbfull\u00bb]<div style=\"background-color:;height: 5px\" class=\"nicdark_section  \"><\/div>[vc_single_image image=\u00bb3433&#8243; img_size=\u00bbfull\u00bb]<div style=\"background-color:;height: 5px\" class=\"nicdark_section  \"><\/div>[vc_single_image image=\u00bb3372&#8243; img_size=\u00bbfull\u00bb]<div style=\"background-color:;height: 5px\" class=\"nicdark_section  \"><\/div>[vc_single_image image=\u00bb3587&#8243; img_size=\u00bbfull\u00bb]<div style=\"background-color:;height: 5px\" class=\"nicdark_section  \"><\/div>[vc_single_image image=\u00bb3324&#8243; img_size=\u00bbfull\u00bb]<div style=\"background-color:;height: 5px\" class=\"nicdark_section  \"><\/div>[vc_single_image image=\u00bb3312&#8243; img_size=\u00bbfull\u00bb]<div style=\"background-color:;height: 5px\" class=\"nicdark_section  \"><\/div>[vc_single_image image=\u00bb3300&#8243; img_size=\u00bbfull\u00bb]<div style=\"background-color:;height: 5px\" class=\"nicdark_section  \"><\/div>[vc_single_image image=\u00bb3285&#8243; img_size=\u00bbfull\u00bb]<div style=\"background-color:;height: 5px\" class=\"nicdark_section  \"><\/div>[vc_single_image image=\u00bb3240&#8243; img_size=\u00bbfull\u00bb]<div style=\"background-color:;height: 5px\" class=\"nicdark_section  \"><\/div>[vc_single_image image=\u00bb3222&#8243; img_size=\u00bbfull\u00bb]<div style=\"background-color:;height: 5px\" class=\"nicdark_section  \"><\/div>[vc_single_image image=\u00bb4199&#8243; img_size=\u00bbfull\u00bb]<div style=\"background-color:;height: 5px\" class=\"nicdark_section  \"><\/div>[vc_single_image image=\u00bb4242&#8243; img_size=\u00bbfull\u00bb]<div style=\"background-color:;height: 5px\" class=\"nicdark_section  \"><\/div>[vc_single_image image=\u00bb2859&#8243; img_size=\u00bbfull\u00bb]<div style=\"background-color:;height: 5px\" class=\"nicdark_section  \"><\/div>[vc_single_image image=\u00bb4205&#8243; img_size=\u00bbfull\u00bb]<div style=\"background-color:;height: 5px\" class=\"nicdark_section  \"><\/div>[vc_single_image image=\u00bb4169&#8243; img_size=\u00bbfull\u00bb]<div style=\"background-color:;height: 5px\" class=\"nicdark_section  \"><\/div>[vc_single_image image=\u00bb4227&#8243; img_size=\u00bbfull\u00bb]<div style=\"background-color:;height: 5px\" class=\"nicdark_section  \"><\/div>[vc_single_image image=\u00bb4245&#8243; img_size=\u00bbfull\u00bb]<div style=\"background-color:;height: 5px\" class=\"nicdark_section  \"><\/div>[vc_single_image image=\u00bb3617&#8243; img_size=\u00bbfull\u00bb][\/vc_column][vc_column width=\u00bb1\/2&#8243;][vc_single_image image=\u00bb4172&#8243; img_size=\u00bbfull\u00bb]<div style=\"background-color:;height: 5px\" class=\"nicdark_section  \"><\/div>[vc_single_image image=\u00bb4604&#8243; img_size=\u00bbfull\u00bb css=\u00bb\u00bb]<div style=\"background-color:;height: 5px\" class=\"nicdark_section  \"><\/div>[vc_single_image image=\u00bb4236&#8243; img_size=\u00bbfull\u00bb]<div style=\"background-color:;height: 5px\" class=\"nicdark_section  \"><\/div>[vc_single_image image=\u00bb4175&#8243; img_size=\u00bbfull\u00bb]<div style=\"background-color:;height: 5px\" class=\"nicdark_section  \"><\/div>[vc_single_image image=\u00bb4600&#8243; img_size=\u00bbfull\u00bb css=\u00bb\u00bb]<div style=\"background-color:;height: 5px\" class=\"nicdark_section  \"><\/div>[vc_single_image image=\u00bb3903&#8243; img_size=\u00bbfull\u00bb]<div style=\"background-color:;height: 5px\" class=\"nicdark_section  \"><\/div>[vc_single_image image=\u00bb3749&#8243; img_size=\u00bbfull\u00bb]<div style=\"background-color:;height: 5px\" class=\"nicdark_section  \"><\/div>[vc_single_image image=\u00bb4143&#8243; img_size=\u00bbfull\u00bb]<div style=\"background-color:;height: 5px\" class=\"nicdark_section  \"><\/div>[vc_single_image image=\u00bb4212&#8243; img_size=\u00bbfull\u00bb]<div style=\"background-color:;height: 5px\" class=\"nicdark_section  \"><\/div>[vc_single_image image=\u00bb4552&#8243; img_size=\u00bbfull\u00bb css=\u00bb\u00bb]<div style=\"background-color:;height: 5px\" class=\"nicdark_section  \"><\/div>[vc_single_image image=\u00bb4209&#8243; img_size=\u00bbfull\u00bb]<div style=\"background-color:;height: 5px\" class=\"nicdark_section  \"><\/div>[vc_single_image image=\u00bb4224&#8243; img_size=\u00bbfull\u00bb][\/vc_column][vc_column width=\u00bb1\/4&#8243;][vc_single_image image=\u00bb4233&#8243; img_size=\u00bbfull\u00bb]<div style=\"background-color:;height: 5px\" class=\"nicdark_section  \"><\/div>[vc_single_image image=\u00bb3910&#8243; img_size=\u00bbfull\u00bb]<div style=\"background-color:;height: 5px\" class=\"nicdark_section  \"><\/div>[vc_single_image image=\u00bb3408&#8243; img_size=\u00bbfull\u00bb]<div style=\"background-color:;height: 5px\" class=\"nicdark_section  \"><\/div>[vc_single_image image=\u00bb2901&#8243; img_size=\u00bbfull\u00bb]<div style=\"background-color:;height: 5px\" class=\"nicdark_section  \"><\/div>[vc_single_image image=\u00bb2351&#8243; img_size=\u00bbfull\u00bb]<div style=\"background-color:;height: 5px\" class=\"nicdark_section  \"><\/div>[vc_single_image image=\u00bb2703&#8243; img_size=\u00bbfull\u00bb]<div style=\"background-color:;height: 5px\" class=\"nicdark_section  \"><\/div>[vc_single_image image=\u00bb2751&#8243; img_size=\u00bbfull\u00bb]<div style=\"background-color:;height: 5px\" class=\"nicdark_section  \"><\/div>[vc_single_image image=\u00bb2779&#8243; img_size=\u00bbfull\u00bb]<div style=\"background-color:;height: 5px\" class=\"nicdark_section  \"><\/div>[vc_single_image image=\u00bb2823&#8243; img_size=\u00bbfull\u00bb]<div style=\"background-color:;height: 5px\" class=\"nicdark_section  \"><\/div>[vc_single_image image=\u00bb2787&#8243; img_size=\u00bbfull\u00bb]<div style=\"background-color:;height: 5px\" class=\"nicdark_section  \"><\/div>[vc_single_image image=\u00bb2773&#8243; img_size=\u00bbfull\u00bb]<div style=\"background-color:;height: 5px\" class=\"nicdark_section  \"><\/div>[vc_single_image image=\u00bb2933&#8243; img_size=\u00bbfull\u00bb]<div style=\"background-color:;height: 5px\" class=\"nicdark_section  \"><\/div>[vc_single_image image=\u00bb2837&#8243; img_size=\u00bbfull\u00bb]<div style=\"background-color:;height: 5px\" class=\"nicdark_section  \"><\/div>[vc_single_image image=\u00bb2851&#8243; img_size=\u00bbfull\u00bb]<div style=\"background-color:;height: 5px\" class=\"nicdark_section  \"><\/div>[vc_single_image image=\u00bb2845&#8243; img_size=\u00bbfull\u00bb]<div style=\"background-color:;height: 5px\" class=\"nicdark_section  \"><\/div>[vc_single_image image=\u00bb2839&#8243; img_size=\u00bbfull\u00bb]<div style=\"background-color:;height: 5px\" class=\"nicdark_section  \"><\/div>[vc_single_image image=\u00bb2847&#8243; img_size=\u00bbfull\u00bb]<div style=\"background-color:;height: 5px\" class=\"nicdark_section  \"><\/div>[vc_single_image image=\u00bb4221&#8243; img_size=\u00bbfull\u00bb]<div style=\"background-color:;height: 5px\" class=\"nicdark_section  \"><\/div>[vc_single_image image=\u00bb4215&#8243; img_size=\u00bbfull\u00bb]<div style=\"background-color:;height: 5px\" class=\"nicdark_section  \"><\/div>[vc_single_image image=\u00bb4181&#8243; img_size=\u00bbfull\u00bb]<div style=\"background-color:;height: 5px\" class=\"nicdark_section  \"><\/div>[vc_single_image image=\u00bb4218&#8243; img_size=\u00bbfull\u00bb]<div style=\"background-color:;height: 5px\" class=\"nicdark_section  \"><\/div>[vc_single_image image=\u00bb4230&#8243; img_size=\u00bbfull\u00bb]<div style=\"background-color:;height: 5px\" class=\"nicdark_section  \"><\/div>[vc_single_image image=\u00bb4190&#8243; img_size=\u00bbfull\u00bb]<div style=\"background-color:;height: 5px\" class=\"nicdark_section  \"><\/div>[vc_single_image image=\u00bb3560&#8243; img_size=\u00bbfull\u00bb][\/vc_column][\/vc_row][vc_row][vc_column]<div style=\"background-color:;height: 5px\" class=\"nicdark_section  \"><\/div>[vc_raw_html]JTNDc2NyaXB0JTIwYXN5bmMlMjBzcmMlM0QlMjIlMkYlMkZwYWdlYWQyLmdvb2dsZXN5bmRpY2F0aW9uLmNvbSUyRnBhZ2VhZCUyRmpzJTJGYWRzYnlnb29nbGUuanMlMjIlM0UlM0MlMkZzY3JpcHQlM0UlMEElM0MlMjEtLSUyMENhbkd1aWxsby5kZSUyMGZvbmRvJTIwYmxhbmNvJTIwLS0lM0UlMEElM0NpbnMlMjBjbGFzcyUzRCUyMmFkc2J5Z29vZ2xlJTIyJTBBJTIwJTIwJTIwJTIwJTIwc3R5bGUlM0QlMjJkaXNwbGF5JTNBYmxvY2slMjIlMEElMjAlMjAlMjAlMjAlMjBkYXRhLWFkLWNsaWVudCUzRCUyMmNhLXB1Yi03MzE2MzI1ODcxNDUxMjU4JTIyJTBBJTIwJTIwJTIwJTIwJTIwZGF0YS1hZC1zbG90JTNEJTIyMTI2NjI0NTQ0NyUyMiUwQSUyMCUyMCUyMCUyMCUyMGRhdGEtYWQtZm9ybWF0JTNEJTIybGluayUyMiUwQSUyMCUyMCUyMCUyMCUyMGRhdGEtZnVsbC13aWR0aC1yZXNwb25zaXZlJTNEJTIydHJ1ZSUyMiUzRSUzQyUyRmlucyUzRSUwQSUzQ3NjcmlwdCUzRSUwQSUyOGFkc2J5Z29vZ2xlJTIwJTNEJTIwd2luZG93LmFkc2J5Z29vZ2xlJTIwJTdDJTdDJTIwJTVCJTVEJTI5LnB1c2glMjglN0IlN0QlMjklM0IlMEElM0MlMkZzY3JpcHQlM0U=[\/vc_raw_html]<div style=\"background-color:;height: 5px\" class=\"nicdark_section  \"><\/div>[\/vc_column][\/vc_row]<\/p>\n<\/div>","protected":false},"excerpt":{"rendered":"<p>[vc_row css=\u00bb.vc_custom_1664560905521{margin-top: 50px !important;margin-bottom: 30px !important;}\u00bb][vc_column width=\u00bb1\/4&#8243;][vc_single_image image=\u00bb3746&#8243; img_size=\u00bbfull\u00bb][vc_single_image image=\u00bb3646&#8243; img_size=\u00bbfull\u00bb][vc_single_image image=\u00bb3427&#8243; img_size=\u00bbfull\u00bb][vc_single_image image=\u00bb4607&#8243; img_size=\u00bbfull\u00bb css=\u00bb\u00bb][vc_single_image image=\u00bb3360&#8243; img_size=\u00bbfull\u00bb][vc_single_image image=\u00bb3411&#8243; img_size=\u00bbfull\u00bb][vc_single_image image=\u00bb3363&#8243; img_size=\u00bbfull\u00bb][vc_single_image image=\u00bb3357&#8243; img_size=\u00bbfull\u00bb][vc_single_image image=\u00bb3433&#8243; img_size=\u00bbfull\u00bb][vc_single_image image=\u00bb3372&#8243; img_size=\u00bbfull\u00bb][vc_single_image image=\u00bb3587&#8243; img_size=\u00bbfull\u00bb][vc_single_image image=\u00bb3324&#8243; img_size=\u00bbfull\u00bb][vc_single_image image=\u00bb3312&#8243; img_size=\u00bbfull\u00bb][vc_single_image image=\u00bb3300&#8243; img_size=\u00bbfull\u00bb][vc_single_image image=\u00bb3285&#8243; img_size=\u00bbfull\u00bb][vc_single_image image=\u00bb3240&#8243; img_size=\u00bbfull\u00bb][vc_single_image image=\u00bb3222&#8243; img_size=\u00bbfull\u00bb][vc_single_image image=\u00bb4199&#8243; img_size=\u00bbfull\u00bb][vc_single_image image=\u00bb4242&#8243; img_size=\u00bbfull\u00bb][vc_single_image image=\u00bb2859&#8243; img_size=\u00bbfull\u00bb][vc_single_image image=\u00bb4205&#8243; img_size=\u00bbfull\u00bb][vc_single_image image=\u00bb4169&#8243; img_size=\u00bbfull\u00bb][vc_single_image image=\u00bb4227&#8243; img_size=\u00bbfull\u00bb][vc_single_image image=\u00bb4245&#8243; [&hellip;]<\/p>\n","protected":false},"author":1,"featured_media":0,"parent":0,"menu_order":0,"comment_status":"closed","ping_status":"closed","template":"","meta":{"footnotes":""},"class_list":["post-2247","page","type-page","status-publish","hentry"],"yoast_head":"<!-- This site is optimized with the Yoast SEO plugin v27.2 - https:\/\/yoast.com\/product\/yoast-seo-wordpress\/ -->\n<title>Galer\u00eda de Fotos - Finca-Hotel Can Guillo Mallorca<\/title>\n<meta name=\"description\" content=\"Galer\u00eda de Fotos - Agroturismo Can Guillo, Finca Hotel rural Mallorca, Finca ecol\u00f3gica, Hotel ecol\u00f3gico con encanto, Eco Vacaciones en Mallorca.\" \/>\n<meta name=\"robots\" content=\"index, follow, max-snippet:-1, max-image-preview:large, max-video-preview:-1\" \/>\n<link rel=\"canonical\" href=\"https:\/\/www.canguillo.de\/es\/galeria-de-fotos\/\" \/>\n<meta property=\"og:locale\" content=\"es_ES\" \/>\n<meta property=\"og:type\" content=\"article\" \/>\n<meta property=\"og:title\" content=\"Galer\u00eda de Fotos - Finca-Hotel Can Guillo Mallorca\" \/>\n<meta property=\"og:description\" content=\"Galer\u00eda de Fotos - Agroturismo Can Guillo, Finca Hotel rural Mallorca, Finca ecol\u00f3gica, Hotel ecol\u00f3gico con encanto, Eco Vacaciones en Mallorca.\" \/>\n<meta property=\"og:url\" content=\"https:\/\/www.canguillo.de\/es\/galeria-de-fotos\/\" \/>\n<meta property=\"og:site_name\" content=\"Finca-Hotel Can Guillo Mallorca\" \/>\n<meta property=\"article:publisher\" content=\"https:\/\/www.facebook.com\/canguillomallorca\" \/>\n<meta property=\"article:modified_time\" content=\"2025-07-14T20:22:15+00:00\" \/>\n<meta name=\"twitter:card\" content=\"summary_large_image\" \/>\n<meta name=\"twitter:label1\" content=\"Tiempo de lectura\" \/>\n\t<meta name=\"twitter:data1\" content=\"2 minutos\" \/>\n<script type=\"application\/ld+json\" class=\"yoast-schema-graph\">{\"@context\":\"https:\/\/schema.org\",\"@graph\":[{\"@type\":\"WebPage\",\"@id\":\"https:\/\/www.canguillo.de\/es\/galeria-de-fotos\/\",\"url\":\"https:\/\/www.canguillo.de\/es\/galeria-de-fotos\/\",\"name\":\"Galer\u00eda de Fotos - Finca-Hotel Can Guillo Mallorca\",\"isPartOf\":{\"@id\":\"https:\/\/www.canguillo.de\/es\/#website\"},\"datePublished\":\"2018-09-28T18:36:17+00:00\",\"dateModified\":\"2025-07-14T20:22:15+00:00\",\"description\":\"Galer\u00eda de Fotos - Agroturismo Can Guillo, Finca Hotel rural Mallorca, Finca ecol\u00f3gica, Hotel ecol\u00f3gico con encanto, Eco Vacaciones en Mallorca.\",\"breadcrumb\":{\"@id\":\"https:\/\/www.canguillo.de\/es\/galeria-de-fotos\/#breadcrumb\"},\"inLanguage\":\"es\",\"potentialAction\":[{\"@type\":\"ReadAction\",\"target\":[\"https:\/\/www.canguillo.de\/es\/galeria-de-fotos\/\"]}]},{\"@type\":\"BreadcrumbList\",\"@id\":\"https:\/\/www.canguillo.de\/es\/galeria-de-fotos\/#breadcrumb\",\"itemListElement\":[{\"@type\":\"ListItem\",\"position\":1,\"name\":\"Portada\",\"item\":\"https:\/\/www.canguillo.de\/es\/\"},{\"@type\":\"ListItem\",\"position\":2,\"name\":\"Galer\u00eda de Fotos\"}]},{\"@type\":\"WebSite\",\"@id\":\"https:\/\/www.canguillo.de\/es\/#website\",\"url\":\"https:\/\/www.canguillo.de\/es\/\",\"name\":\"Finca-Hotel Can Guillo Mallorca\",\"description\":\"Landhotel Mallorca \u00b7 Country Hotel \u00b7 Agroturismo Pollenca\",\"publisher\":{\"@id\":\"https:\/\/www.canguillo.de\/es\/#organization\"},\"potentialAction\":[{\"@type\":\"SearchAction\",\"target\":{\"@type\":\"EntryPoint\",\"urlTemplate\":\"https:\/\/www.canguillo.de\/es\/?s={search_term_string}\"},\"query-input\":{\"@type\":\"PropertyValueSpecification\",\"valueRequired\":true,\"valueName\":\"search_term_string\"}}],\"inLanguage\":\"es\"},{\"@type\":\"Organization\",\"@id\":\"https:\/\/www.canguillo.de\/es\/#organization\",\"name\":\"Can Guillo S.L.\",\"url\":\"https:\/\/www.canguillo.de\/es\/\",\"logo\":{\"@type\":\"ImageObject\",\"inLanguage\":\"es\",\"@id\":\"https:\/\/www.canguillo.de\/es\/#\/schema\/logo\/image\/\",\"url\":\"https:\/\/www.canguillo.de\/wp-content\/uploads\/2018\/09\/finca-can-guillo-mallorca-00.jpg\",\"contentUrl\":\"https:\/\/www.canguillo.de\/wp-content\/uploads\/2018\/09\/finca-can-guillo-mallorca-00.jpg\",\"width\":533,\"height\":531,\"caption\":\"Can Guillo S.L.\"},\"image\":{\"@id\":\"https:\/\/www.canguillo.de\/es\/#\/schema\/logo\/image\/\"},\"sameAs\":[\"https:\/\/www.facebook.com\/canguillomallorca\",\"https:\/\/www.instagram.com\/canguillo\",\"https:\/\/www.youtube.com\/user\/canguillomallorca\"]}]}<\/script>\n<!-- \/ Yoast SEO plugin. -->","yoast_head_json":{"title":"Galer\u00eda de Fotos - Finca-Hotel Can Guillo Mallorca","description":"Galer\u00eda de Fotos - Agroturismo Can Guillo, Finca Hotel rural Mallorca, Finca ecol\u00f3gica, Hotel ecol\u00f3gico con encanto, Eco Vacaciones en Mallorca.","robots":{"index":"index","follow":"follow","max-snippet":"max-snippet:-1","max-image-preview":"max-image-preview:large","max-video-preview":"max-video-preview:-1"},"canonical":"https:\/\/www.canguillo.de\/es\/galeria-de-fotos\/","og_locale":"es_ES","og_type":"article","og_title":"Galer\u00eda de Fotos - Finca-Hotel Can Guillo Mallorca","og_description":"Galer\u00eda de Fotos - Agroturismo Can Guillo, Finca Hotel rural Mallorca, Finca ecol\u00f3gica, Hotel ecol\u00f3gico con encanto, Eco Vacaciones en Mallorca.","og_url":"https:\/\/www.canguillo.de\/es\/galeria-de-fotos\/","og_site_name":"Finca-Hotel Can Guillo Mallorca","article_publisher":"https:\/\/www.facebook.com\/canguillomallorca","article_modified_time":"2025-07-14T20:22:15+00:00","twitter_card":"summary_large_image","twitter_misc":{"Tiempo de lectura":"2 minutos"},"schema":{"@context":"https:\/\/schema.org","@graph":[{"@type":"WebPage","@id":"https:\/\/www.canguillo.de\/es\/galeria-de-fotos\/","url":"https:\/\/www.canguillo.de\/es\/galeria-de-fotos\/","name":"Galer\u00eda de Fotos - Finca-Hotel Can Guillo Mallorca","isPartOf":{"@id":"https:\/\/www.canguillo.de\/es\/#website"},"datePublished":"2018-09-28T18:36:17+00:00","dateModified":"2025-07-14T20:22:15+00:00","description":"Galer\u00eda de Fotos - Agroturismo Can Guillo, Finca Hotel rural Mallorca, Finca ecol\u00f3gica, Hotel ecol\u00f3gico con encanto, Eco Vacaciones en Mallorca.","breadcrumb":{"@id":"https:\/\/www.canguillo.de\/es\/galeria-de-fotos\/#breadcrumb"},"inLanguage":"es","potentialAction":[{"@type":"ReadAction","target":["https:\/\/www.canguillo.de\/es\/galeria-de-fotos\/"]}]},{"@type":"BreadcrumbList","@id":"https:\/\/www.canguillo.de\/es\/galeria-de-fotos\/#breadcrumb","itemListElement":[{"@type":"ListItem","position":1,"name":"Portada","item":"https:\/\/www.canguillo.de\/es\/"},{"@type":"ListItem","position":2,"name":"Galer\u00eda de Fotos"}]},{"@type":"WebSite","@id":"https:\/\/www.canguillo.de\/es\/#website","url":"https:\/\/www.canguillo.de\/es\/","name":"Finca-Hotel Can Guillo Mallorca","description":"Landhotel Mallorca \u00b7 Country Hotel \u00b7 Agroturismo Pollenca","publisher":{"@id":"https:\/\/www.canguillo.de\/es\/#organization"},"potentialAction":[{"@type":"SearchAction","target":{"@type":"EntryPoint","urlTemplate":"https:\/\/www.canguillo.de\/es\/?s={search_term_string}"},"query-input":{"@type":"PropertyValueSpecification","valueRequired":true,"valueName":"search_term_string"}}],"inLanguage":"es"},{"@type":"Organization","@id":"https:\/\/www.canguillo.de\/es\/#organization","name":"Can Guillo S.L.","url":"https:\/\/www.canguillo.de\/es\/","logo":{"@type":"ImageObject","inLanguage":"es","@id":"https:\/\/www.canguillo.de\/es\/#\/schema\/logo\/image\/","url":"https:\/\/www.canguillo.de\/wp-content\/uploads\/2018\/09\/finca-can-guillo-mallorca-00.jpg","contentUrl":"https:\/\/www.canguillo.de\/wp-content\/uploads\/2018\/09\/finca-can-guillo-mallorca-00.jpg","width":533,"height":531,"caption":"Can Guillo S.L."},"image":{"@id":"https:\/\/www.canguillo.de\/es\/#\/schema\/logo\/image\/"},"sameAs":["https:\/\/www.facebook.com\/canguillomallorca","https:\/\/www.instagram.com\/canguillo","https:\/\/www.youtube.com\/user\/canguillomallorca"]}]}},"_links":{"self":[{"href":"https:\/\/www.canguillo.de\/es\/wp-json\/wp\/v2\/pages\/2247","targetHints":{"allow":["GET"]}}],"collection":[{"href":"https:\/\/www.canguillo.de\/es\/wp-json\/wp\/v2\/pages"}],"about":[{"href":"https:\/\/www.canguillo.de\/es\/wp-json\/wp\/v2\/types\/page"}],"author":[{"embeddable":true,"href":"https:\/\/www.canguillo.de\/es\/wp-json\/wp\/v2\/users\/1"}],"replies":[{"embeddable":true,"href":"https:\/\/www.canguillo.de\/es\/wp-json\/wp\/v2\/comments?post=2247"}],"version-history":[{"count":14,"href":"https:\/\/www.canguillo.de\/es\/wp-json\/wp\/v2\/pages\/2247\/revisions"}],"predecessor-version":[{"id":4614,"href":"https:\/\/www.canguillo.de\/es\/wp-json\/wp\/v2\/pages\/2247\/revisions\/4614"}],"wp:attachment":[{"href":"https:\/\/www.canguillo.de\/es\/wp-json\/wp\/v2\/media?parent=2247"}],"curies":[{"name":"wp","href":"https:\/\/api.w.org\/{rel}","templated":true}]}}