{"id":2217,"date":"2018-09-28T20:31:49","date_gmt":"2018-09-28T18:31:49","guid":{"rendered":"https:\/\/www.canguillo.de\/casa-de-pueblo-mallorca\/"},"modified":"2025-07-17T11:23:24","modified_gmt":"2025-07-17T09:23:24","slug":"casa-de-pueblo-mallorca","status":"publish","type":"page","link":"https:\/\/www.canguillo.de\/es\/casa-de-pueblo-mallorca\/","title":{"rendered":"Casa de Pueblo Mallorca"},"content":{"rendered":"<div class=\"wpb-content-wrapper\"><p>[vc_row css=\u00bb.vc_custom_1503567654949{margin-top: 50px !important;margin-bottom: 50px !important;}\u00bb][vc_column][vc_column_text]<\/p>\n<h2>Maravillosa casa de pueblo de lujo con piscina privada para alquilar en Mallorca<\/h2>\n<p>[\/vc_column_text]\n\n    <div class=\"  nd_options_section\">\n        \n\n        <div class=\"nd_options_mpopup_gallery\">\n            <a class=\" nd_options_outline_0 nd_options_mpopup_gallery\" href=\"https:\/\/www.canguillo.de\/wp-content\/uploads\/2024\/10\/4db42ab4-8689-42c4-b978-752a4a96bf33-1024x768.jpg\">\n                <img decoding=\"async\" width=\"100%\" alt=\"\" class=\"nd_options_transition_all_08_ease nd_options_opacity_05_hover\" src=\"https:\/\/www.canguillo.de\/wp-content\/uploads\/2024\/10\/4db42ab4-8689-42c4-b978-752a4a96bf33-1024x768.jpg\">\n            <\/a>\n        <\/div>\n\n        \n    <\/div>   \n\n<div style=\"background-color:;height: 30px\" class=\"nicdark_section  \"><\/div>[vc_column_text]<\/p>\n<h4>DESCRIPCI\u00d3N<\/h4>\n<p>&nbsp;<\/p>\n<p>Maravillosa casa de pueblo de lujo con piscina privada situada en Pollen\u00e7a, en el norte de la isla de Mallorca. Est\u00e1 situado en una calle muy tranquila, pero al mismo tiempo a pocos minutos a pie del centro del pueblo y sus calles principales. El comedor y sala de estar est\u00e1 abierto a la cocina moderna y c\u00f3moda. El sal\u00f3n tambi\u00e9n est\u00e1 abierto a la hermosa terraza con piscina privada, amueblada con una mesa y sillas para almorzar o cenar y tumbonas. Tambi\u00e9n hay un cuarto de ba\u00f1o abajo. Arriba hay dos habitaciones cuidadosamente decoradas y otro ba\u00f1o. Uno de los dormitorios est\u00e1 abierto a una terraza que se puede utilizar como un solarium. Un lugar encantador para relajarse y disfrutar de la isla.[\/vc_column_text]<div style=\"background-color:;height: 15px\" class=\"nicdark_section  \"><\/div>[vc_gallery type=\u00bbimage_grid\u00bb images=\u00bb4514,4490,4520,4505,4484,4481,4499,4493,4523,4508,4502,4487,4511&#8243; img_size=\u00bb291&#215;194&#8243;]<div style=\"background-color:;height: 10px\" class=\"nicdark_section  \"><\/div>[vc_column_text css=\u00bb\u00bb]<\/p>\n<h4><strong>TARIFAS<\/strong><\/h4>\n<p>&nbsp;<\/p>\n<p><strong>Marzo <\/strong>= 145 \u20ac por d\u00eda<\/p>\n<p><strong>Abril<\/strong> = 155 \u20ac por d\u00eda<\/p>\n<p><strong>Mayo<\/strong> = 185 \u20ac por d\u00eda<\/p>\n<p><strong>Junio <\/strong>= 215 \u20ac por d\u00eda<\/p>\n<p><strong>Julio &amp; Agosto<\/strong> = 280 \u20ac por d\u00eda<\/p>\n<p><strong>Septiembre <\/strong>= 215 \u20ac por d\u00eda<\/p>\n<p><strong>Octubre <\/strong>= 185 \u20ac por d\u00eda<\/p>\n<p>&nbsp;<\/p>\n<p><em>Los gastos de luz se pagan aparte (0,30\u20ac \/ kWh)<\/em><\/p>\n<p>&nbsp;<\/p>\n<p>&nbsp;<\/p>\n<h4>N\u00daMERO DE REGISTRO OFICIAL<\/h4>\n<p>&nbsp;<\/p>\n<p>ETV2576<\/p>\n<p>&nbsp;<\/p>\n<p>&nbsp;<\/p>\n<h4><strong>M\u00c1S INFORMACI\u00d3N<br \/>\n<\/strong><\/h4>\n<p>&nbsp;<\/p>\n<p><span id=\"result_box\" class=\"\" lang=\"es\"><span class=\"\">Si tiene <strong>m\u00e1s preguntas<\/strong>, por favor env\u00edenos un mensaje a trav\u00e9s del <a href=\"https:\/\/www.canguillo.de\/es\/contacto-como-encontrarnos\/\"><strong>formulario de contacto<\/strong><\/a> y con el asunto \u00abCasa de Pueblo\u00bb.<\/span> Muchas <span class=\"\">gracias.<\/span><\/span>[\/vc_column_text][\/vc_column][\/vc_row]<\/p>\n<\/div>","protected":false},"excerpt":{"rendered":"<p>[vc_row css=\u00bb.vc_custom_1503567654949{margin-top: 50px !important;margin-bottom: 50px !important;}\u00bb][vc_column][vc_column_text] Maravillosa casa de pueblo de lujo con piscina privada para alquilar en Mallorca [\/vc_column_text][vc_column_text] DESCRIPCI\u00d3N &nbsp; Maravillosa casa de pueblo de lujo con piscina privada situada en Pollen\u00e7a, en el norte de la isla de Mallorca. Est\u00e1 situado en una calle muy tranquila, pero al mismo tiempo a pocos [&hellip;]<\/p>\n","protected":false},"author":1,"featured_media":0,"parent":0,"menu_order":0,"comment_status":"closed","ping_status":"closed","template":"","meta":{"footnotes":""},"class_list":["post-2217","page","type-page","status-publish","hentry"],"yoast_head":"<!-- This site is optimized with the Yoast SEO plugin v27.2 - https:\/\/yoast.com\/product\/yoast-seo-wordpress\/ -->\n<title>Casa de Pueblo Mallorca para alquilar en Pollenca<\/title>\n<meta name=\"description\" content=\"Maravillosa casa de pueblo de lujo con piscina privada para alquilar en Pollen\u00e7a, Mallorca. Un lugar encantador para relajarse y disfrutar de la isla.\" \/>\n<meta name=\"robots\" content=\"index, follow, max-snippet:-1, max-image-preview:large, max-video-preview:-1\" \/>\n<link rel=\"canonical\" href=\"https:\/\/www.canguillo.de\/es\/casa-de-pueblo-mallorca\/\" \/>\n<meta property=\"og:locale\" content=\"es_ES\" \/>\n<meta property=\"og:type\" content=\"article\" \/>\n<meta property=\"og:title\" content=\"Casa de Pueblo Mallorca para alquilar en Pollenca\" \/>\n<meta property=\"og:description\" content=\"Maravillosa casa de pueblo de lujo con piscina privada para alquilar en Pollen\u00e7a, Mallorca. Un lugar encantador para relajarse y disfrutar de la isla.\" \/>\n<meta property=\"og:url\" content=\"https:\/\/www.canguillo.de\/es\/casa-de-pueblo-mallorca\/\" \/>\n<meta property=\"og:site_name\" content=\"Finca-Hotel Can Guillo Mallorca\" \/>\n<meta property=\"article:publisher\" content=\"https:\/\/www.facebook.com\/canguillomallorca\" \/>\n<meta property=\"article:modified_time\" content=\"2025-07-17T09:23:24+00:00\" \/>\n<meta name=\"twitter:card\" content=\"summary_large_image\" \/>\n<meta name=\"twitter:label1\" content=\"Tiempo de lectura\" \/>\n\t<meta name=\"twitter:data1\" content=\"2 minutos\" \/>\n<script type=\"application\/ld+json\" class=\"yoast-schema-graph\">{\"@context\":\"https:\/\/schema.org\",\"@graph\":[{\"@type\":\"WebPage\",\"@id\":\"https:\/\/www.canguillo.de\/es\/casa-de-pueblo-mallorca\/\",\"url\":\"https:\/\/www.canguillo.de\/es\/casa-de-pueblo-mallorca\/\",\"name\":\"Casa de Pueblo Mallorca para alquilar en Pollenca\",\"isPartOf\":{\"@id\":\"https:\/\/www.canguillo.de\/es\/#website\"},\"datePublished\":\"2018-09-28T18:31:49+00:00\",\"dateModified\":\"2025-07-17T09:23:24+00:00\",\"description\":\"Maravillosa casa de pueblo de lujo con piscina privada para alquilar en Pollen\u00e7a, Mallorca. Un lugar encantador para relajarse y disfrutar de la isla.\",\"breadcrumb\":{\"@id\":\"https:\/\/www.canguillo.de\/es\/casa-de-pueblo-mallorca\/#breadcrumb\"},\"inLanguage\":\"es\",\"potentialAction\":[{\"@type\":\"ReadAction\",\"target\":[\"https:\/\/www.canguillo.de\/es\/casa-de-pueblo-mallorca\/\"]}]},{\"@type\":\"BreadcrumbList\",\"@id\":\"https:\/\/www.canguillo.de\/es\/casa-de-pueblo-mallorca\/#breadcrumb\",\"itemListElement\":[{\"@type\":\"ListItem\",\"position\":1,\"name\":\"Portada\",\"item\":\"https:\/\/www.canguillo.de\/es\/\"},{\"@type\":\"ListItem\",\"position\":2,\"name\":\"Casa de Pueblo Mallorca\"}]},{\"@type\":\"WebSite\",\"@id\":\"https:\/\/www.canguillo.de\/es\/#website\",\"url\":\"https:\/\/www.canguillo.de\/es\/\",\"name\":\"Finca-Hotel Can Guillo Mallorca\",\"description\":\"Landhotel Mallorca \u00b7 Country Hotel \u00b7 Agroturismo Pollenca\",\"publisher\":{\"@id\":\"https:\/\/www.canguillo.de\/es\/#organization\"},\"potentialAction\":[{\"@type\":\"SearchAction\",\"target\":{\"@type\":\"EntryPoint\",\"urlTemplate\":\"https:\/\/www.canguillo.de\/es\/?s={search_term_string}\"},\"query-input\":{\"@type\":\"PropertyValueSpecification\",\"valueRequired\":true,\"valueName\":\"search_term_string\"}}],\"inLanguage\":\"es\"},{\"@type\":\"Organization\",\"@id\":\"https:\/\/www.canguillo.de\/es\/#organization\",\"name\":\"Can Guillo S.L.\",\"url\":\"https:\/\/www.canguillo.de\/es\/\",\"logo\":{\"@type\":\"ImageObject\",\"inLanguage\":\"es\",\"@id\":\"https:\/\/www.canguillo.de\/es\/#\/schema\/logo\/image\/\",\"url\":\"https:\/\/www.canguillo.de\/wp-content\/uploads\/2018\/09\/finca-can-guillo-mallorca-00.jpg\",\"contentUrl\":\"https:\/\/www.canguillo.de\/wp-content\/uploads\/2018\/09\/finca-can-guillo-mallorca-00.jpg\",\"width\":533,\"height\":531,\"caption\":\"Can Guillo S.L.\"},\"image\":{\"@id\":\"https:\/\/www.canguillo.de\/es\/#\/schema\/logo\/image\/\"},\"sameAs\":[\"https:\/\/www.facebook.com\/canguillomallorca\",\"https:\/\/www.instagram.com\/canguillo\",\"https:\/\/www.youtube.com\/user\/canguillomallorca\"]}]}<\/script>\n<!-- \/ Yoast SEO plugin. -->","yoast_head_json":{"title":"Casa de Pueblo Mallorca para alquilar en Pollenca","description":"Maravillosa casa de pueblo de lujo con piscina privada para alquilar en Pollen\u00e7a, Mallorca. Un lugar encantador para relajarse y disfrutar de la isla.","robots":{"index":"index","follow":"follow","max-snippet":"max-snippet:-1","max-image-preview":"max-image-preview:large","max-video-preview":"max-video-preview:-1"},"canonical":"https:\/\/www.canguillo.de\/es\/casa-de-pueblo-mallorca\/","og_locale":"es_ES","og_type":"article","og_title":"Casa de Pueblo Mallorca para alquilar en Pollenca","og_description":"Maravillosa casa de pueblo de lujo con piscina privada para alquilar en Pollen\u00e7a, Mallorca. Un lugar encantador para relajarse y disfrutar de la isla.","og_url":"https:\/\/www.canguillo.de\/es\/casa-de-pueblo-mallorca\/","og_site_name":"Finca-Hotel Can Guillo Mallorca","article_publisher":"https:\/\/www.facebook.com\/canguillomallorca","article_modified_time":"2025-07-17T09:23:24+00:00","twitter_card":"summary_large_image","twitter_misc":{"Tiempo de lectura":"2 minutos"},"schema":{"@context":"https:\/\/schema.org","@graph":[{"@type":"WebPage","@id":"https:\/\/www.canguillo.de\/es\/casa-de-pueblo-mallorca\/","url":"https:\/\/www.canguillo.de\/es\/casa-de-pueblo-mallorca\/","name":"Casa de Pueblo Mallorca para alquilar en Pollenca","isPartOf":{"@id":"https:\/\/www.canguillo.de\/es\/#website"},"datePublished":"2018-09-28T18:31:49+00:00","dateModified":"2025-07-17T09:23:24+00:00","description":"Maravillosa casa de pueblo de lujo con piscina privada para alquilar en Pollen\u00e7a, Mallorca. Un lugar encantador para relajarse y disfrutar de la isla.","breadcrumb":{"@id":"https:\/\/www.canguillo.de\/es\/casa-de-pueblo-mallorca\/#breadcrumb"},"inLanguage":"es","potentialAction":[{"@type":"ReadAction","target":["https:\/\/www.canguillo.de\/es\/casa-de-pueblo-mallorca\/"]}]},{"@type":"BreadcrumbList","@id":"https:\/\/www.canguillo.de\/es\/casa-de-pueblo-mallorca\/#breadcrumb","itemListElement":[{"@type":"ListItem","position":1,"name":"Portada","item":"https:\/\/www.canguillo.de\/es\/"},{"@type":"ListItem","position":2,"name":"Casa de Pueblo Mallorca"}]},{"@type":"WebSite","@id":"https:\/\/www.canguillo.de\/es\/#website","url":"https:\/\/www.canguillo.de\/es\/","name":"Finca-Hotel Can Guillo Mallorca","description":"Landhotel Mallorca \u00b7 Country Hotel \u00b7 Agroturismo Pollenca","publisher":{"@id":"https:\/\/www.canguillo.de\/es\/#organization"},"potentialAction":[{"@type":"SearchAction","target":{"@type":"EntryPoint","urlTemplate":"https:\/\/www.canguillo.de\/es\/?s={search_term_string}"},"query-input":{"@type":"PropertyValueSpecification","valueRequired":true,"valueName":"search_term_string"}}],"inLanguage":"es"},{"@type":"Organization","@id":"https:\/\/www.canguillo.de\/es\/#organization","name":"Can Guillo S.L.","url":"https:\/\/www.canguillo.de\/es\/","logo":{"@type":"ImageObject","inLanguage":"es","@id":"https:\/\/www.canguillo.de\/es\/#\/schema\/logo\/image\/","url":"https:\/\/www.canguillo.de\/wp-content\/uploads\/2018\/09\/finca-can-guillo-mallorca-00.jpg","contentUrl":"https:\/\/www.canguillo.de\/wp-content\/uploads\/2018\/09\/finca-can-guillo-mallorca-00.jpg","width":533,"height":531,"caption":"Can Guillo S.L."},"image":{"@id":"https:\/\/www.canguillo.de\/es\/#\/schema\/logo\/image\/"},"sameAs":["https:\/\/www.facebook.com\/canguillomallorca","https:\/\/www.instagram.com\/canguillo","https:\/\/www.youtube.com\/user\/canguillomallorca"]}]}},"_links":{"self":[{"href":"https:\/\/www.canguillo.de\/es\/wp-json\/wp\/v2\/pages\/2217","targetHints":{"allow":["GET"]}}],"collection":[{"href":"https:\/\/www.canguillo.de\/es\/wp-json\/wp\/v2\/pages"}],"about":[{"href":"https:\/\/www.canguillo.de\/es\/wp-json\/wp\/v2\/types\/page"}],"author":[{"embeddable":true,"href":"https:\/\/www.canguillo.de\/es\/wp-json\/wp\/v2\/users\/1"}],"replies":[{"embeddable":true,"href":"https:\/\/www.canguillo.de\/es\/wp-json\/wp\/v2\/comments?post=2217"}],"version-history":[{"count":11,"href":"https:\/\/www.canguillo.de\/es\/wp-json\/wp\/v2\/pages\/2217\/revisions"}],"predecessor-version":[{"id":4619,"href":"https:\/\/www.canguillo.de\/es\/wp-json\/wp\/v2\/pages\/2217\/revisions\/4619"}],"wp:attachment":[{"href":"https:\/\/www.canguillo.de\/es\/wp-json\/wp\/v2\/media?parent=2217"}],"curies":[{"name":"wp","href":"https:\/\/api.w.org\/{rel}","templated":true}]}}